{"id":4395,"date":"2021-02-10T12:39:56","date_gmt":"2021-02-10T11:39:56","guid":{"rendered":"https:\/\/desarrollo.ramarfp.com\/grau-superior\/"},"modified":"2022-04-04T17:08:45","modified_gmt":"2022-04-04T15:08:45","slug":"grau-superior","status":"publish","type":"page","link":"https:\/\/ramarfp.com\/ca\/grau-superior\/","title":{"rendered":"Grau superior"},"content":{"rendered":"\t\t<div data-elementor-type=\"wp-page\" data-elementor-id=\"4395\" class=\"elementor elementor-4395 elementor-3099\" data-elementor-post-type=\"page\">\n\t\t\t\t\t\t<section class=\"elementor-section elementor-top-section elementor-element elementor-element-78413b1 elementor-section-full_width elementor-section-height-min-height elementor-section-height-default elementor-section-items-middle\" data-id=\"78413b1\" data-element_type=\"section\" data-e-type=\"section\" data-settings=\"{&quot;background_background&quot;:&quot;classic&quot;}\">\n\t\t\t\t\t\t\t<div class=\"elementor-background-overlay\"><\/div>\n\t\t\t\t\t\t\t<div class=\"elementor-container elementor-column-gap-default\">\n\t\t\t\t\t<div class=\"elementor-column elementor-col-50 elementor-top-column elementor-element elementor-element-7492834\" data-id=\"7492834\" data-element_type=\"column\" data-e-type=\"column\" data-settings=\"{&quot;background_background&quot;:&quot;classic&quot;}\">\n\t\t\t<div class=\"elementor-widget-wrap elementor-element-populated\">\n\t\t\t\t\t<div class=\"elementor-background-overlay\"><\/div>\n\t\t\t\t\t\t<div class=\"elementor-element elementor-element-9271d44 elementor-icon-list--layout-inline elementor-list-item-link-full_width de_scroll_animation_no elementor-widget elementor-widget-icon-list\" data-id=\"9271d44\" data-element_type=\"widget\" data-e-type=\"widget\" data-widget_type=\"icon-list.default\">\n\t\t\t\t<div class=\"elementor-widget-container\">\n\t\t\t\t\t\t\t<ul class=\"elementor-icon-list-items elementor-inline-items\">\n\t\t\t\t\t\t\t<li class=\"elementor-icon-list-item elementor-inline-item\">\n\t\t\t\t\t\t\t\t\t\t\t<span class=\"elementor-icon-list-icon\">\n\t\t\t\t\t\t\t<i aria-hidden=\"true\" class=\"dticon dticon-home-outline\"><\/i>\t\t\t\t\t\t<\/span>\n\t\t\t\t\t\t\t\t\t\t<span class=\"elementor-icon-list-text\">FP Presencial<\/span>\n\t\t\t\t\t\t\t\t\t<\/li>\n\t\t\t\t\t\t<\/ul>\n\t\t\t\t\t\t<\/div>\n\t\t\t\t<\/div>\n\t\t\t\t<div class=\"elementor-element elementor-element-f133bb8 elementor-widget__width-initial de_scroll_animation_no elementor-widget elementor-widget-heading\" data-id=\"f133bb8\" data-element_type=\"widget\" data-e-type=\"widget\" data-widget_type=\"heading.default\">\n\t\t\t\t<div class=\"elementor-widget-container\">\n\t\t\t\t\t<h1 class=\"elementor-heading-title elementor-size-default\">Vols estudiar Cicles Formatius Grau Superior?<\/h1>\t\t\t\t<\/div>\n\t\t\t\t<\/div>\n\t\t\t\t<div class=\"elementor-element elementor-element-54c2c46 de_scroll_animation_no elementor-widget elementor-widget-icon-box\" data-id=\"54c2c46\" data-element_type=\"widget\" data-e-type=\"widget\" data-widget_type=\"icon-box.default\">\n\t\t\t\t<div class=\"elementor-widget-container\">\n\t\t\t\t\t\t\t<div class=\"elementor-icon-box-wrapper\">\n\n\t\t\t\n\t\t\t\t\t\t<div class=\"elementor-icon-box-content\">\n\n\t\t\t\t\n\t\t\t\t\t\t\t\t\t<p class=\"elementor-icon-box-description\">\n\t\t\t\t\t\tA Ramar FP som experts en Formaci\u00f3 Professional. Preparem als nostres alumnes amb continguts adaptats a la realitat de l\u2019mercat laboral i oferim pr\u00e0ctiques d\u2019empresa. Amb la Formaci\u00f3 Professional presencial comptar\u00e0s amb un professor que podr\u00e0 resoldre els teus dubtes a l\u2019hora i coneixer\u00e0s molts companys. Descobreix la nostra oferta en cicles formatius presencials de grau superior.\t\t\t\t\t<\/p>\n\t\t\t\t\n\t\t\t<\/div>\n\t\t\t\n\t\t<\/div>\n\t\t\t\t\t\t<\/div>\n\t\t\t\t<\/div>\n\t\t\t\t<div class=\"elementor-element elementor-element-5662b7e de_scroll_animation_no elementor-widget elementor-widget-breadcrumbs\" data-id=\"5662b7e\" data-element_type=\"widget\" data-e-type=\"widget\" data-widget_type=\"breadcrumbs.default\">\n\t\t\t\t<div class=\"elementor-widget-container\">\n\t\t\t\t\t<p id=\"breadcrumbs\"><span><span><a href=\"https:\/\/ramarfp.com\/ca\/\">Ramar FP<\/a><\/span><\/span><\/p>\t\t\t\t<\/div>\n\t\t\t\t<\/div>\n\t\t\t\t<div class=\"elementor-element elementor-element-c6af978 elementor-widget__width-auto elementor-align-center elementor-hidden-desktop elementor-hidden-tablet elementor-hidden-mobile de_scroll_animation_no elementor-widget elementor-widget-button\" data-id=\"c6af978\" data-element_type=\"widget\" data-e-type=\"widget\" data-widget_type=\"button.default\">\n\t\t\t\t<div class=\"elementor-widget-container\">\n\t\t\t\t\t\t\t\t\t<div class=\"elementor-button-wrapper\">\n\t\t\t\t\t<a class=\"elementor-button elementor-button-link elementor-size-lg\" href=\"#informacion\">\n\t\t\t\t\t\t<span class=\"elementor-button-content-wrapper\">\n\t\t\t\t\t\t\t\t\t<span class=\"elementor-button-text\">Sol\u00b7licita informaci\u00f3<\/span>\n\t\t\t\t\t<\/span>\n\t\t\t\t\t<\/a>\n\t\t\t\t<\/div>\n\t\t\t\t\t\t\t\t<\/div>\n\t\t\t\t<\/div>\n\t\t\t\t\t<\/div>\n\t\t<\/div>\n\t\t\t\t<div class=\"elementor-column elementor-col-50 elementor-top-column elementor-element elementor-element-26a76b6 elementor-hidden-mobile\" data-id=\"26a76b6\" data-element_type=\"column\" data-e-type=\"column\" data-settings=\"{&quot;background_background&quot;:&quot;classic&quot;}\">\n\t\t\t<div class=\"elementor-widget-wrap\">\n\t\t\t\t\t<div class=\"elementor-background-overlay\"><\/div>\n\t\t\t\t\t\t\t<\/div>\n\t\t<\/div>\n\t\t\t\t\t<\/div>\n\t\t<\/section>\n\t\t\t\t<section class=\"elementor-section elementor-top-section elementor-element elementor-element-71778f3 elementor-section-boxed elementor-section-height-default elementor-section-height-default\" data-id=\"71778f3\" data-element_type=\"section\" data-e-type=\"section\" data-settings=\"{&quot;background_background&quot;:&quot;classic&quot;}\">\n\t\t\t\t\t\t<div class=\"elementor-container elementor-column-gap-wider\">\n\t\t\t\t\t<div class=\"elementor-column elementor-col-50 elementor-top-column elementor-element elementor-element-5a6a7b5\" data-id=\"5a6a7b5\" data-element_type=\"column\" data-e-type=\"column\">\n\t\t\t<div class=\"elementor-widget-wrap elementor-element-populated\">\n\t\t\t\t\t\t<div class=\"elementor-element elementor-element-37c3e03 elementor-icon-list--layout-inline elementor-list-item-link-full_width de_scroll_animation_no elementor-widget elementor-widget-icon-list\" data-id=\"37c3e03\" data-element_type=\"widget\" data-e-type=\"widget\" data-widget_type=\"icon-list.default\">\n\t\t\t\t<div class=\"elementor-widget-container\">\n\t\t\t\t\t\t\t<ul class=\"elementor-icon-list-items elementor-inline-items\">\n\t\t\t\t\t\t\t<li class=\"elementor-icon-list-item elementor-inline-item\">\n\t\t\t\t\t\t\t\t\t\t\t<span class=\"elementor-icon-list-icon\">\n\t\t\t\t\t\t\t<i aria-hidden=\"true\" class=\"dticon dticon-home-outline\"><\/i>\t\t\t\t\t\t<\/span>\n\t\t\t\t\t\t\t\t\t\t<span class=\"elementor-icon-list-text\">FP Presencial<\/span>\n\t\t\t\t\t\t\t\t\t<\/li>\n\t\t\t\t\t\t<\/ul>\n\t\t\t\t\t\t<\/div>\n\t\t\t\t<\/div>\n\t\t\t\t<div class=\"elementor-element elementor-element-40e80c5 elementor-widget__width-initial de_scroll_animation_no elementor-widget elementor-widget-heading\" data-id=\"40e80c5\" data-element_type=\"widget\" data-e-type=\"widget\" data-widget_type=\"heading.default\">\n\t\t\t\t<div class=\"elementor-widget-container\">\n\t\t\t\t\t<h2 class=\"elementor-heading-title elementor-size-default\">Cicles Formatius Grau Superior<\/h2>\t\t\t\t<\/div>\n\t\t\t\t<\/div>\n\t\t\t\t\t<\/div>\n\t\t<\/div>\n\t\t\t\t<div class=\"elementor-column elementor-col-50 elementor-top-column elementor-element elementor-element-8ca90ff\" data-id=\"8ca90ff\" data-element_type=\"column\" data-e-type=\"column\">\n\t\t\t<div class=\"elementor-widget-wrap elementor-element-populated\">\n\t\t\t\t\t\t<div class=\"elementor-element elementor-element-ddf1962 de_scroll_animation_no elementor-widget elementor-widget-image\" data-id=\"ddf1962\" data-element_type=\"widget\" data-e-type=\"widget\" data-widget_type=\"image.default\">\n\t\t\t\t<div class=\"elementor-widget-container\">\n\t\t\t\t\t\t\t\t\t\t\t\t\t\t\t<img decoding=\"async\" src=\"https:\/\/ramarfp.com\/wp-content\/uploads\/2022\/03\/Ramar-FP-Online.svg\" class=\"attachment-full size-full wp-image-11837\" alt=\"\" \/>\t\t\t\t\t\t\t\t\t\t\t\t\t\t\t<\/div>\n\t\t\t\t<\/div>\n\t\t\t\t\t<\/div>\n\t\t<\/div>\n\t\t\t\t\t<\/div>\n\t\t<\/section>\n\t\t\t\t<section class=\"elementor-section elementor-top-section elementor-element elementor-element-81deca7 elementor-section-boxed elementor-section-height-default elementor-section-height-default\" data-id=\"81deca7\" data-element_type=\"section\" data-e-type=\"section\" data-settings=\"{&quot;background_background&quot;:&quot;classic&quot;}\">\n\t\t\t\t\t\t<div class=\"elementor-container elementor-column-gap-wider\">\n\t\t\t\t\t<div class=\"elementor-column elementor-col-100 elementor-top-column elementor-element elementor-element-cafb6a9\" data-id=\"cafb6a9\" data-element_type=\"column\" data-e-type=\"column\">\n\t\t\t<div class=\"elementor-widget-wrap elementor-element-populated\">\n\t\t\t\t\t\t<section class=\"elementor-section elementor-inner-section elementor-element elementor-element-1ef8d6a elementor-section-boxed elementor-section-height-default elementor-section-height-default\" data-id=\"1ef8d6a\" data-element_type=\"section\" data-e-type=\"section\">\n\t\t\t\t\t\t<div class=\"elementor-container elementor-column-gap-no\">\n\t\t\t\t\t<div class=\"elementor-column elementor-col-33 elementor-inner-column elementor-element elementor-element-a4c1bae\" data-id=\"a4c1bae\" data-element_type=\"column\" data-e-type=\"column\">\n\t\t\t<div class=\"elementor-widget-wrap elementor-element-populated\">\n\t\t\t\t\t\t<div class=\"elementor-element elementor-element-c37a26f elementor-cta--skin-classic elementor-animated-content elementor-bg-transform elementor-bg-transform-zoom-in de_scroll_animation_no elementor-widget elementor-widget-call-to-action\" data-id=\"c37a26f\" data-element_type=\"widget\" data-e-type=\"widget\" data-widget_type=\"call-to-action.default\">\n\t\t\t\t<div class=\"elementor-widget-container\">\n\t\t\t\t\t\t\t<div class=\"elementor-cta\">\n\t\t\t\t\t\t\t<div class=\"elementor-cta__content\">\n\t\t\t\t\t\t\t\t\t<div class=\"elementor-content-item elementor-cta__content-item elementor-cta__image\">\n\t\t\t\t\t\t<img decoding=\"async\" src=\"https:\/\/ramarfp.com\/wp-content\/uploads\/elementor\/thumbs\/icon-cfgs-af-phn266awiqiwrxq9h4aoc231mf15vv3yzc2d52qct4.png\" title=\"icon-cfgs-af\" alt=\"icon-cfgs-af\" loading=\"lazy\" \/>\t\t\t\t\t<\/div>\n\t\t\t\t\n\t\t\t\t\t\t\t\t\t<div class=\"elementor-cta__title elementor-cta__content-item elementor-content-item\">\n\t\t\t\t\t\tCFGS d'Administraci\u00f3 i Finances\t\t\t\t\t<\/div>\n\t\t\t\t\n\t\t\t\t\n\t\t\t\t\t\t\t<\/div>\n\t\t\t\t\t\t<\/div>\n\t\t\t\t\t\t<\/div>\n\t\t\t\t<\/div>\n\t\t\t\t<div class=\"elementor-element elementor-element-9c00aff elementor-widget__width-auto elementor-mobile-align-left elementor-widget-mobile__width-inherit de_scroll_animation_no elementor-widget elementor-widget-button\" data-id=\"9c00aff\" data-element_type=\"widget\" data-e-type=\"widget\" data-widget_type=\"button.default\">\n\t\t\t\t<div class=\"elementor-widget-container\">\n\t\t\t\t\t\t\t\t\t<div class=\"elementor-button-wrapper\">\n\t\t\t\t\t<a class=\"elementor-button elementor-button-link elementor-size-xs\" href=\"https:\/\/ramarfp.com\/ca\/grau-superior\/administracio-finances\/\">\n\t\t\t\t\t\t<span class=\"elementor-button-content-wrapper\">\n\t\t\t\t\t\t<span class=\"elementor-button-icon\">\n\t\t\t\t<i aria-hidden=\"true\" class=\"dticon dticon-chevron-forward-outline\"><\/i>\t\t\t<\/span>\n\t\t\t\t\t\t\t\t\t<span class=\"elementor-button-text\">Anar al curs<\/span>\n\t\t\t\t\t<\/span>\n\t\t\t\t\t<\/a>\n\t\t\t\t<\/div>\n\t\t\t\t\t\t\t\t<\/div>\n\t\t\t\t<\/div>\n\t\t\t\t\t<\/div>\n\t\t<\/div>\n\t\t\t\t<div class=\"elementor-column elementor-col-33 elementor-inner-column elementor-element elementor-element-d983830\" data-id=\"d983830\" data-element_type=\"column\" data-e-type=\"column\">\n\t\t\t<div class=\"elementor-widget-wrap elementor-element-populated\">\n\t\t\t\t\t\t<div class=\"elementor-element elementor-element-120e18a elementor-cta--skin-classic elementor-animated-content elementor-bg-transform elementor-bg-transform-zoom-in de_scroll_animation_no elementor-widget elementor-widget-call-to-action\" data-id=\"120e18a\" data-element_type=\"widget\" data-e-type=\"widget\" data-widget_type=\"call-to-action.default\">\n\t\t\t\t<div class=\"elementor-widget-container\">\n\t\t\t\t\t\t\t<div class=\"elementor-cta\">\n\t\t\t\t\t\t\t<div class=\"elementor-cta__content\">\n\t\t\t\t\t\t\t\t\t<div class=\"elementor-content-item elementor-cta__content-item elementor-cta__image\">\n\t\t\t\t\t\t<img decoding=\"async\" src=\"https:\/\/ramarfp.com\/wp-content\/uploads\/elementor\/thumbs\/icon-cfgs-mkt-phn26q1ii99xjqxl9utuaf3q3ibvdiac21rk7vx36g.png\" title=\"icon-cfgs-mkt\" alt=\"icon-cfgs-mkt\" loading=\"lazy\" \/>\t\t\t\t\t<\/div>\n\t\t\t\t\n\t\t\t\t\t\t\t\t\t<div class=\"elementor-cta__title elementor-cta__content-item elementor-content-item\">\n\t\t\t\t\t\tCFGS de M\u00e0rqueting <br \/>i Publicitat\t\t\t\t\t<\/div>\n\t\t\t\t\n\t\t\t\t\n\t\t\t\t\t\t\t<\/div>\n\t\t\t\t\t\t<\/div>\n\t\t\t\t\t\t<\/div>\n\t\t\t\t<\/div>\n\t\t\t\t<div class=\"elementor-element elementor-element-fbb8566 elementor-widget__width-auto elementor-mobile-align-left elementor-widget-mobile__width-inherit de_scroll_animation_no elementor-widget elementor-widget-button\" data-id=\"fbb8566\" data-element_type=\"widget\" data-e-type=\"widget\" data-widget_type=\"button.default\">\n\t\t\t\t<div class=\"elementor-widget-container\">\n\t\t\t\t\t\t\t\t\t<div class=\"elementor-button-wrapper\">\n\t\t\t\t\t<a class=\"elementor-button elementor-button-link elementor-size-xs\" href=\"https:\/\/ramarfp.com\/ca\/grau-superior\/marqueting-publicitat\/\">\n\t\t\t\t\t\t<span class=\"elementor-button-content-wrapper\">\n\t\t\t\t\t\t<span class=\"elementor-button-icon\">\n\t\t\t\t<i aria-hidden=\"true\" class=\"dticon dticon-chevron-forward-outline\"><\/i>\t\t\t<\/span>\n\t\t\t\t\t\t\t\t\t<span class=\"elementor-button-text\">Anar al curs<\/span>\n\t\t\t\t\t<\/span>\n\t\t\t\t\t<\/a>\n\t\t\t\t<\/div>\n\t\t\t\t\t\t\t\t<\/div>\n\t\t\t\t<\/div>\n\t\t\t\t\t<\/div>\n\t\t<\/div>\n\t\t\t\t<div class=\"elementor-column elementor-col-33 elementor-inner-column elementor-element elementor-element-9bfd04e\" data-id=\"9bfd04e\" data-element_type=\"column\" data-e-type=\"column\">\n\t\t\t<div class=\"elementor-widget-wrap elementor-element-populated\">\n\t\t\t\t\t\t<div class=\"elementor-element elementor-element-1f45f4f elementor-cta--skin-classic elementor-animated-content elementor-bg-transform elementor-bg-transform-zoom-in de_scroll_animation_no elementor-widget elementor-widget-call-to-action\" data-id=\"1f45f4f\" data-element_type=\"widget\" data-e-type=\"widget\" data-widget_type=\"call-to-action.default\">\n\t\t\t\t<div class=\"elementor-widget-container\">\n\t\t\t\t\t\t\t<div class=\"elementor-cta\">\n\t\t\t\t\t\t\t<div class=\"elementor-cta__content\">\n\t\t\t\t\t\t\t\t\t<div class=\"elementor-content-item elementor-cta__content-item elementor-cta__image\">\n\t\t\t\t\t\t<img decoding=\"async\" src=\"https:\/\/ramarfp.com\/wp-content\/uploads\/elementor\/thumbs\/icon-cfgs-afe-pn2ese1wkoxtxm20vkejkxcsrljtbw71jctlscss48.png\" title=\"icon-cfgs-afe\" alt=\"icon-cfgs-afe\" loading=\"lazy\" \/>\t\t\t\t\t<\/div>\n\t\t\t\t\n\t\t\t\t\t\t\t\t\t<div class=\"elementor-cta__title elementor-cta__content-item elementor-content-item\">\n\t\t\t\t\t\tCFGS d'Ensenyament i Animaci\u00f3 socioesportiva\t\t\t\t\t<\/div>\n\t\t\t\t\n\t\t\t\t\n\t\t\t\t\t\t\t<\/div>\n\t\t\t\t\t\t<\/div>\n\t\t\t\t\t\t<\/div>\n\t\t\t\t<\/div>\n\t\t\t\t<div class=\"elementor-element elementor-element-9065b42 elementor-widget__width-auto elementor-mobile-align-left elementor-widget-mobile__width-inherit de_scroll_animation_no elementor-widget elementor-widget-button\" data-id=\"9065b42\" data-element_type=\"widget\" data-e-type=\"widget\" data-widget_type=\"button.default\">\n\t\t\t\t<div class=\"elementor-widget-container\">\n\t\t\t\t\t\t\t\t\t<div class=\"elementor-button-wrapper\">\n\t\t\t\t\t<a class=\"elementor-button elementor-button-link elementor-size-xs\" href=\"https:\/\/ramarfp.com\/ca\/grau-superior\/ensenyament-animacio-socioesportiva\/\">\n\t\t\t\t\t\t<span class=\"elementor-button-content-wrapper\">\n\t\t\t\t\t\t<span class=\"elementor-button-icon\">\n\t\t\t\t<i aria-hidden=\"true\" class=\"dticon dticon-chevron-forward-outline\"><\/i>\t\t\t<\/span>\n\t\t\t\t\t\t\t\t\t<span class=\"elementor-button-text\">Anar al curs<\/span>\n\t\t\t\t\t<\/span>\n\t\t\t\t\t<\/a>\n\t\t\t\t<\/div>\n\t\t\t\t\t\t\t\t<\/div>\n\t\t\t\t<\/div>\n\t\t\t\t\t<\/div>\n\t\t<\/div>\n\t\t\t\t\t<\/div>\n\t\t<\/section>\n\t\t\t\t\t<\/div>\n\t\t<\/div>\n\t\t\t\t\t<\/div>\n\t\t<\/section>\n\t\t\t\t<\/div>\n\t\t","protected":false},"excerpt":{"rendered":"<p>FP Presencial Vols estudiar Cicles Formatius Grau Superior? A Ramar FP som experts en Formaci\u00f3 Professional. Preparem als nostres alumnes amb continguts adaptats a la realitat de l\u2019mercat laboral i oferim pr\u00e0ctiques d\u2019empresa. Amb la Formaci\u00f3 Professional presencial comptar\u00e0s amb un professor que podr\u00e0 resoldre els teus dubtes a l\u2019hora i coneixer\u00e0s molts companys. Descobreix [&hellip;]<\/p>\n","protected":false},"author":2,"featured_media":0,"parent":0,"menu_order":34,"comment_status":"closed","ping_status":"closed","template":"","meta":{"footnotes":""},"class_list":["post-4395","page","type-page","status-publish","hentry"],"yoast_head":"<!-- This site is optimized with the Yoast SEO Premium plugin v21.3 (Yoast SEO v27.4) - https:\/\/yoast.com\/product\/yoast-seo-premium-wordpress\/ -->\n<title>Grau superior<\/title>\n<meta name=\"robots\" content=\"index, follow, max-snippet:-1, max-image-preview:large, max-video-preview:-1\" \/>\n<link rel=\"canonical\" href=\"https:\/\/ramarfp.com\/ca\/grau-superior\/\" \/>\n<meta property=\"og:locale\" content=\"ca_ES\" \/>\n<meta property=\"og:type\" content=\"article\" \/>\n<meta property=\"og:title\" content=\"Grau superior\" \/>\n<meta property=\"og:description\" content=\"FP Presencial Vols estudiar Cicles Formatius Grau Superior? A Ramar FP som experts en Formaci\u00f3 Professional. Preparem als nostres alumnes amb continguts adaptats a la realitat de l\u2019mercat laboral i oferim pr\u00e0ctiques d\u2019empresa. Amb la Formaci\u00f3 Professional presencial comptar\u00e0s amb un professor que podr\u00e0 resoldre els teus dubtes a l\u2019hora i coneixer\u00e0s molts companys. Descobreix [&hellip;]\" \/>\n<meta property=\"og:url\" content=\"https:\/\/ramarfp.com\/ca\/grau-superior\/\" \/>\n<meta property=\"og:site_name\" content=\"Ramar FP | Formaci\u00f3n Profesional presencial y FP a distancia\" \/>\n<meta property=\"article:modified_time\" content=\"2022-04-04T15:08:45+00:00\" \/>\n<meta property=\"og:image\" content=\"https:\/\/ramarfp.com\/wp-content\/uploads\/2022\/03\/Ramar-FP-Online.svg\" \/>\n<meta name=\"twitter:card\" content=\"summary_large_image\" \/>\n<meta name=\"twitter:label1\" content=\"Temps estimat de lectura\" \/>\n\t<meta name=\"twitter:data1\" content=\"2 minuts\" \/>\n<script type=\"application\/ld+json\" class=\"yoast-schema-graph\">{\"@context\":\"https:\\\/\\\/schema.org\",\"@graph\":[{\"@type\":\"WebPage\",\"@id\":\"https:\\\/\\\/ramarfp.com\\\/ca\\\/grau-superior\\\/\",\"url\":\"https:\\\/\\\/ramarfp.com\\\/ca\\\/grau-superior\\\/\",\"name\":\"Grau superior\",\"isPartOf\":{\"@id\":\"https:\\\/\\\/ramarfp.com\\\/ca\\\/#website\"},\"primaryImageOfPage\":{\"@id\":\"https:\\\/\\\/ramarfp.com\\\/ca\\\/grau-superior\\\/#primaryimage\"},\"image\":{\"@id\":\"https:\\\/\\\/ramarfp.com\\\/ca\\\/grau-superior\\\/#primaryimage\"},\"thumbnailUrl\":\"https:\\\/\\\/ramarfp.com\\\/wp-content\\\/uploads\\\/2022\\\/03\\\/Ramar-FP-Online.svg\",\"datePublished\":\"2021-02-10T11:39:56+00:00\",\"dateModified\":\"2022-04-04T15:08:45+00:00\",\"breadcrumb\":{\"@id\":\"https:\\\/\\\/ramarfp.com\\\/ca\\\/grau-superior\\\/#breadcrumb\"},\"inLanguage\":\"ca\",\"potentialAction\":[{\"@type\":\"ReadAction\",\"target\":[\"https:\\\/\\\/ramarfp.com\\\/ca\\\/grau-superior\\\/\"]}]},{\"@type\":\"ImageObject\",\"inLanguage\":\"ca\",\"@id\":\"https:\\\/\\\/ramarfp.com\\\/ca\\\/grau-superior\\\/#primaryimage\",\"url\":\"https:\\\/\\\/ramarfp.com\\\/wp-content\\\/uploads\\\/2022\\\/03\\\/Ramar-FP-Online.svg\",\"contentUrl\":\"https:\\\/\\\/ramarfp.com\\\/wp-content\\\/uploads\\\/2022\\\/03\\\/Ramar-FP-Online.svg\"},{\"@type\":\"BreadcrumbList\",\"@id\":\"https:\\\/\\\/ramarfp.com\\\/ca\\\/grau-superior\\\/#breadcrumb\",\"itemListElement\":[{\"@type\":\"ListItem\",\"position\":1,\"name\":\"Ramar FP\",\"item\":\"https:\\\/\\\/ramarfp.com\\\/ca\\\/\"},{\"@type\":\"ListItem\",\"position\":2,\"name\":\"Grau superior\"}]},{\"@type\":\"WebSite\",\"@id\":\"https:\\\/\\\/ramarfp.com\\\/ca\\\/#website\",\"url\":\"https:\\\/\\\/ramarfp.com\\\/ca\\\/\",\"name\":\"Ramar FP | Formaci\u00f3n Profesional presencial y FP a distancia\",\"description\":\"\u27bd Centro Oficial Ramar FP \u27bd Presencial y a distancia \u27bd Facilidades de pago \u27bd Examinamos en toda Espa\u00f1a \u260e \u00a1Asegura tu futuro!\",\"publisher\":{\"@id\":\"https:\\\/\\\/ramarfp.com\\\/ca\\\/#organization\"},\"potentialAction\":[{\"@type\":\"SearchAction\",\"target\":{\"@type\":\"EntryPoint\",\"urlTemplate\":\"https:\\\/\\\/ramarfp.com\\\/ca\\\/?s={search_term_string}\"},\"query-input\":{\"@type\":\"PropertyValueSpecification\",\"valueRequired\":true,\"valueName\":\"search_term_string\"}}],\"inLanguage\":\"ca\"},{\"@type\":\"Organization\",\"@id\":\"https:\\\/\\\/ramarfp.com\\\/ca\\\/#organization\",\"name\":\"Ramar FP Online\",\"url\":\"https:\\\/\\\/ramarfp.com\\\/ca\\\/\",\"logo\":{\"@type\":\"ImageObject\",\"inLanguage\":\"ca\",\"@id\":\"https:\\\/\\\/ramarfp.com\\\/ca\\\/#\\\/schema\\\/logo\\\/image\\\/\",\"url\":\"https:\\\/\\\/ramarfp.com\\\/wp-content\\\/uploads\\\/2020\\\/12\\\/Logoonlinetransparent.png\",\"contentUrl\":\"https:\\\/\\\/ramarfp.com\\\/wp-content\\\/uploads\\\/2020\\\/12\\\/Logoonlinetransparent.png\",\"width\":1704,\"height\":1052,\"caption\":\"Ramar FP Online\"},\"image\":{\"@id\":\"https:\\\/\\\/ramarfp.com\\\/ca\\\/#\\\/schema\\\/logo\\\/image\\\/\"}}]}<\/script>\n<!-- \/ Yoast SEO Premium plugin. -->","yoast_head_json":{"title":"Grau superior","robots":{"index":"index","follow":"follow","max-snippet":"max-snippet:-1","max-image-preview":"max-image-preview:large","max-video-preview":"max-video-preview:-1"},"canonical":"https:\/\/ramarfp.com\/ca\/grau-superior\/","og_locale":"ca_ES","og_type":"article","og_title":"Grau superior","og_description":"FP Presencial Vols estudiar Cicles Formatius Grau Superior? A Ramar FP som experts en Formaci\u00f3 Professional. Preparem als nostres alumnes amb continguts adaptats a la realitat de l\u2019mercat laboral i oferim pr\u00e0ctiques d\u2019empresa. Amb la Formaci\u00f3 Professional presencial comptar\u00e0s amb un professor que podr\u00e0 resoldre els teus dubtes a l\u2019hora i coneixer\u00e0s molts companys. Descobreix [&hellip;]","og_url":"https:\/\/ramarfp.com\/ca\/grau-superior\/","og_site_name":"Ramar FP | Formaci\u00f3n Profesional presencial y FP a distancia","article_modified_time":"2022-04-04T15:08:45+00:00","og_image":[{"url":"https:\/\/ramarfp.com\/wp-content\/uploads\/2022\/03\/Ramar-FP-Online.svg","type":"","width":"","height":""}],"twitter_card":"summary_large_image","twitter_misc":{"Temps estimat de lectura":"2 minuts"},"schema":{"@context":"https:\/\/schema.org","@graph":[{"@type":"WebPage","@id":"https:\/\/ramarfp.com\/ca\/grau-superior\/","url":"https:\/\/ramarfp.com\/ca\/grau-superior\/","name":"Grau superior","isPartOf":{"@id":"https:\/\/ramarfp.com\/ca\/#website"},"primaryImageOfPage":{"@id":"https:\/\/ramarfp.com\/ca\/grau-superior\/#primaryimage"},"image":{"@id":"https:\/\/ramarfp.com\/ca\/grau-superior\/#primaryimage"},"thumbnailUrl":"https:\/\/ramarfp.com\/wp-content\/uploads\/2022\/03\/Ramar-FP-Online.svg","datePublished":"2021-02-10T11:39:56+00:00","dateModified":"2022-04-04T15:08:45+00:00","breadcrumb":{"@id":"https:\/\/ramarfp.com\/ca\/grau-superior\/#breadcrumb"},"inLanguage":"ca","potentialAction":[{"@type":"ReadAction","target":["https:\/\/ramarfp.com\/ca\/grau-superior\/"]}]},{"@type":"ImageObject","inLanguage":"ca","@id":"https:\/\/ramarfp.com\/ca\/grau-superior\/#primaryimage","url":"https:\/\/ramarfp.com\/wp-content\/uploads\/2022\/03\/Ramar-FP-Online.svg","contentUrl":"https:\/\/ramarfp.com\/wp-content\/uploads\/2022\/03\/Ramar-FP-Online.svg"},{"@type":"BreadcrumbList","@id":"https:\/\/ramarfp.com\/ca\/grau-superior\/#breadcrumb","itemListElement":[{"@type":"ListItem","position":1,"name":"Ramar FP","item":"https:\/\/ramarfp.com\/ca\/"},{"@type":"ListItem","position":2,"name":"Grau superior"}]},{"@type":"WebSite","@id":"https:\/\/ramarfp.com\/ca\/#website","url":"https:\/\/ramarfp.com\/ca\/","name":"Ramar FP | Formaci\u00f3n Profesional presencial y FP a distancia","description":"\u27bd Centro Oficial Ramar FP \u27bd Presencial y a distancia \u27bd Facilidades de pago \u27bd Examinamos en toda Espa\u00f1a \u260e \u00a1Asegura tu futuro!","publisher":{"@id":"https:\/\/ramarfp.com\/ca\/#organization"},"potentialAction":[{"@type":"SearchAction","target":{"@type":"EntryPoint","urlTemplate":"https:\/\/ramarfp.com\/ca\/?s={search_term_string}"},"query-input":{"@type":"PropertyValueSpecification","valueRequired":true,"valueName":"search_term_string"}}],"inLanguage":"ca"},{"@type":"Organization","@id":"https:\/\/ramarfp.com\/ca\/#organization","name":"Ramar FP Online","url":"https:\/\/ramarfp.com\/ca\/","logo":{"@type":"ImageObject","inLanguage":"ca","@id":"https:\/\/ramarfp.com\/ca\/#\/schema\/logo\/image\/","url":"https:\/\/ramarfp.com\/wp-content\/uploads\/2020\/12\/Logoonlinetransparent.png","contentUrl":"https:\/\/ramarfp.com\/wp-content\/uploads\/2020\/12\/Logoonlinetransparent.png","width":1704,"height":1052,"caption":"Ramar FP Online"},"image":{"@id":"https:\/\/ramarfp.com\/ca\/#\/schema\/logo\/image\/"}}]}},"_links":{"self":[{"href":"https:\/\/ramarfp.com\/ca\/wp-json\/wp\/v2\/pages\/4395","targetHints":{"allow":["GET"]}}],"collection":[{"href":"https:\/\/ramarfp.com\/ca\/wp-json\/wp\/v2\/pages"}],"about":[{"href":"https:\/\/ramarfp.com\/ca\/wp-json\/wp\/v2\/types\/page"}],"author":[{"embeddable":true,"href":"https:\/\/ramarfp.com\/ca\/wp-json\/wp\/v2\/users\/2"}],"replies":[{"embeddable":true,"href":"https:\/\/ramarfp.com\/ca\/wp-json\/wp\/v2\/comments?post=4395"}],"version-history":[{"count":0,"href":"https:\/\/ramarfp.com\/ca\/wp-json\/wp\/v2\/pages\/4395\/revisions"}],"wp:attachment":[{"href":"https:\/\/ramarfp.com\/ca\/wp-json\/wp\/v2\/media?parent=4395"}],"curies":[{"name":"wp","href":"https:\/\/api.w.org\/{rel}","templated":true}]}}